{"id":71,"date":"2022-03-11T18:47:13","date_gmt":"2022-03-11T17:47:13","guid":{"rendered":"https:\/\/ceehgc.eu\/?page_id=71"},"modified":"2022-10-16T13:45:59","modified_gmt":"2022-10-16T11:45:59","slug":"mission","status":"publish","type":"page","link":"https:\/\/ceehgc.eu\/","title":{"rendered":"Mission"},"content":{"rendered":"\t\t<div data-elementor-type=\"wp-page\" data-elementor-id=\"71\" class=\"elementor elementor-71\">\n\t\t\t\t\t\t\t\t\t<section class=\"elementor-section elementor-top-section elementor-element elementor-element-556e1aea elementor-section-boxed elementor-section-height-default elementor-section-height-default\" data-id=\"556e1aea\" data-element_type=\"section\">\n\t\t\t\t\t\t<div class=\"elementor-container elementor-column-gap-default\">\n\t\t\t\t\t<div class=\"elementor-column elementor-col-100 elementor-top-column elementor-element elementor-element-40ea8659\" data-id=\"40ea8659\" data-element_type=\"column\">\n\t\t\t<div class=\"elementor-widget-wrap elementor-element-populated\">\n\t\t\t\t\t\t\t\t<div class=\"elementor-element elementor-element-728255b9 elementor-widget elementor-widget-text-editor\" data-id=\"728255b9\" data-element_type=\"widget\" data-widget_type=\"text-editor.default\">\n\t\t\t\t<div class=\"elementor-widget-container\">\n\t\t\t<style>\/*! elementor - v3.8.1 - 13-11-2022 *\/\n.elementor-widget-text-editor.elementor-drop-cap-view-stacked .elementor-drop-cap{background-color:#818a91;color:#fff}.elementor-widget-text-editor.elementor-drop-cap-view-framed .elementor-drop-cap{color:#818a91;border:3px solid;background-color:transparent}.elementor-widget-text-editor:not(.elementor-drop-cap-view-default) .elementor-drop-cap{margin-top:8px}.elementor-widget-text-editor:not(.elementor-drop-cap-view-default) .elementor-drop-cap-letter{width:1em;height:1em}.elementor-widget-text-editor .elementor-drop-cap{float:left;text-align:center;line-height:1;font-size:50px}.elementor-widget-text-editor .elementor-drop-cap-letter{display:inline-block}<\/style>\t\t\t\t<p><!-- wp:paragraph --><\/p>\n<p>The workshop aims at bringing together scholars from Central and Eastern Europe interested in history in games, history of games, history studied through games, and the relation between games and historical education. The goal of the workshop is to introduce the variety of existing research around historical games in Central and Eastern Europe. We would like to compare and learn about the similarities and differences between scholarly traditions and approaches from different countries and to bring together game historians from Central and Eastern Europe for future international collaboration. We welcome an interdisciplinary approach. The conference is not limited to historians or archaeologists as we also invite colleagues from other disciplines, e.g., gender, film, literary, music or media studies as well as art historians, anthropologists, sociologists and others.<\/p>\n<p>With more than sixty percent of Europeans regularly playing games and the average player being over thirty years old, digital games have become one of the most influential mass media shaping historical culture. They are crucial artefacts not only for public history but also for museology, pedagogy, etc. Games can be used by a wide variety of historical disciplines as a new historical form, subject of study or even a research tool or output. Despite all this potential and significance, they remain a relatively undervalued phenomenon. The scholarly community we aim to establish in Central and Eastern Europe can help in tackling these challenges.<\/p>\n<p>Critical analysis of historical games gains relevance due to the rise of autocratic regimes and extremist ideas across Central and Eastern Europe. There are attempts to use games for nationalistic and xenophobic ideologies. Better understanding of the ludic medium helps us to expose such abuses. Our goal is to promote free independent research where threatened. Also, we want to support scholars displaced from their homes and forced to abandon their work. We may come from different countries, but we want to live and work in an open and peaceful Europe. Our workshop as a steppingstone of future cooperation in historical game studies contributes to exactly these goals.<\/p>\n<p>We strive to create an inclusive and informal platform accessible to participants from all Central and Eastern European countries and all social environments. Therefore, the <a href=\"https:\/\/ceehgc.eu\/?page_id=184\">whole conference is admission free and accessible online<\/a>. The individual presentations will be recorded and published for later viewing. Selected papers will be edited and published online. The working language of the conference is English.<\/p>\t\t\t\t\t\t<\/div>\n\t\t\t\t<\/div>\n\t\t\t\t\t<\/div>\n\t\t<\/div>\n\t\t\t\t\t\t\t<\/div>\n\t\t<\/section>\n\t\t\t\t<section class=\"elementor-section elementor-top-section elementor-element elementor-element-4bc51a8 elementor-section-boxed elementor-section-height-default elementor-section-height-default\" data-id=\"4bc51a8\" data-element_type=\"section\">\n\t\t\t\t\t\t<div class=\"elementor-container elementor-column-gap-default\">\n\t\t\t\t\t<div class=\"elementor-column elementor-col-100 elementor-top-column elementor-element elementor-element-1f4a28f\" data-id=\"1f4a28f\" data-element_type=\"column\">\n\t\t\t<div class=\"elementor-widget-wrap elementor-element-populated\">\n\t\t\t\t\t\t\t\t<div class=\"elementor-element elementor-element-3b8e5b4 elementor-widget-divider--view-line elementor-widget elementor-widget-divider\" data-id=\"3b8e5b4\" data-element_type=\"widget\" data-widget_type=\"divider.default\">\n\t\t\t\t<div class=\"elementor-widget-container\">\n\t\t\t<style>\/*! elementor - v3.8.1 - 13-11-2022 *\/\n.elementor-widget-divider{--divider-border-style:none;--divider-border-width:1px;--divider-color:#2c2c2c;--divider-icon-size:20px;--divider-element-spacing:10px;--divider-pattern-height:24px;--divider-pattern-size:20px;--divider-pattern-url:none;--divider-pattern-repeat:repeat-x}.elementor-widget-divider .elementor-divider{display:-webkit-box;display:-ms-flexbox;display:flex}.elementor-widget-divider .elementor-divider__text{font-size:15px;line-height:1;max-width:95%}.elementor-widget-divider .elementor-divider__element{margin:0 var(--divider-element-spacing);-ms-flex-negative:0;flex-shrink:0}.elementor-widget-divider .elementor-icon{font-size:var(--divider-icon-size)}.elementor-widget-divider .elementor-divider-separator{display:-webkit-box;display:-ms-flexbox;display:flex;margin:0;direction:ltr}.elementor-widget-divider--view-line_icon .elementor-divider-separator,.elementor-widget-divider--view-line_text .elementor-divider-separator{-webkit-box-align:center;-ms-flex-align:center;align-items:center}.elementor-widget-divider--view-line_icon .elementor-divider-separator:after,.elementor-widget-divider--view-line_icon .elementor-divider-separator:before,.elementor-widget-divider--view-line_text .elementor-divider-separator:after,.elementor-widget-divider--view-line_text .elementor-divider-separator:before{display:block;content:\"\";border-bottom:0;-webkit-box-flex:1;-ms-flex-positive:1;flex-grow:1;border-top:var(--divider-border-width) var(--divider-border-style) var(--divider-color)}.elementor-widget-divider--element-align-left .elementor-divider .elementor-divider-separator>.elementor-divider__svg:first-of-type{-webkit-box-flex:0;-ms-flex-positive:0;flex-grow:0;-ms-flex-negative:100;flex-shrink:100}.elementor-widget-divider--element-align-left .elementor-divider-separator:before{content:none}.elementor-widget-divider--element-align-left .elementor-divider__element{margin-left:0}.elementor-widget-divider--element-align-right .elementor-divider .elementor-divider-separator>.elementor-divider__svg:last-of-type{-webkit-box-flex:0;-ms-flex-positive:0;flex-grow:0;-ms-flex-negative:100;flex-shrink:100}.elementor-widget-divider--element-align-right .elementor-divider-separator:after{content:none}.elementor-widget-divider--element-align-right .elementor-divider__element{margin-right:0}.elementor-widget-divider:not(.elementor-widget-divider--view-line_text):not(.elementor-widget-divider--view-line_icon) .elementor-divider-separator{border-top:var(--divider-border-width) var(--divider-border-style) var(--divider-color)}.elementor-widget-divider--separator-type-pattern{--divider-border-style:none}.elementor-widget-divider--separator-type-pattern.elementor-widget-divider--view-line .elementor-divider-separator,.elementor-widget-divider--separator-type-pattern:not(.elementor-widget-divider--view-line) .elementor-divider-separator:after,.elementor-widget-divider--separator-type-pattern:not(.elementor-widget-divider--view-line) .elementor-divider-separator:before,.elementor-widget-divider--separator-type-pattern:not([class*=elementor-widget-divider--view]) .elementor-divider-separator{width:100%;min-height:var(--divider-pattern-height);-webkit-mask-size:var(--divider-pattern-size) 100%;mask-size:var(--divider-pattern-size) 100%;-webkit-mask-repeat:var(--divider-pattern-repeat);mask-repeat:var(--divider-pattern-repeat);background-color:var(--divider-color);-webkit-mask-image:var(--divider-pattern-url);mask-image:var(--divider-pattern-url)}.elementor-widget-divider--no-spacing{--divider-pattern-size:auto}.elementor-widget-divider--bg-round{--divider-pattern-repeat:round}.rtl .elementor-widget-divider .elementor-divider__text{direction:rtl}.e-con-inner>.elementor-widget-divider,.e-con>.elementor-widget-divider{width:var(--container-widget-width,100%)}<\/style>\t\t<div class=\"elementor-divider\">\n\t\t\t<span class=\"elementor-divider-separator\">\n\t\t\t\t\t\t<\/span>\n\t\t<\/div>\n\t\t\t\t<\/div>\n\t\t\t\t<\/div>\n\t\t\t\t\t<\/div>\n\t\t<\/div>\n\t\t\t\t\t\t\t<\/div>\n\t\t<\/section>\n\t\t\t\t<section class=\"elementor-section elementor-top-section elementor-element elementor-element-32dfba8 elementor-section-boxed elementor-section-height-default elementor-section-height-default\" data-id=\"32dfba8\" data-element_type=\"section\">\n\t\t\t\t\t\t<div class=\"elementor-container elementor-column-gap-default\">\n\t\t\t\t\t<div class=\"elementor-column elementor-col-100 elementor-top-column elementor-element elementor-element-15a9e01\" data-id=\"15a9e01\" data-element_type=\"column\">\n\t\t\t<div class=\"elementor-widget-wrap elementor-element-populated\">\n\t\t\t\t\t\t\t\t<div class=\"elementor-element elementor-element-d5ead38 elementor-widget elementor-widget-text-editor\" data-id=\"d5ead38\" data-element_type=\"widget\" data-widget_type=\"text-editor.default\">\n\t\t\t\t<div class=\"elementor-widget-container\">\n\t\t\t\t\t\t\t<p>The workshop is financed by the <a href=\"https:\/\/strategie.avcr.cz\/en\/\">Strategy AV21 programme<\/a> <a href=\"http:\/\/odolnaspolecnost.cz\/\">Odoln\u00e1 spole\u010dnost pro 21. stolet\u00ed<\/a> of the <a href=\"https:\/\/www.flu.cas.cz\/en\/\">Institute of Philosophy<\/a> of the <a href=\"https:\/\/www.avcr.cz\/en\/\">Czech Academy of Sciences<\/a>, Prague and co-sponsored by the <a href=\"https:\/\/ims.fsv.cuni.cz\/en\">Institute of International Studies<\/a> of the <a href=\"https:\/\/fsv.cuni.cz\/en\">Faculty of Social Sciences<\/a> at the <a href=\"https:\/\/cuni.cz\/UKEN-1.html\">Charles University<\/a>, Prague and the <a href=\"https:\/\/www.famu.cz\/en\/\">Film and TV School<\/a> of the <a href=\"https:\/\/www.amu.cz\/en\/?\">Academy of Performing Arts<\/a> in Prague.<\/p>\t\t\t\t\t\t<\/div>\n\t\t\t\t<\/div>\n\t\t\t\t\t<\/div>\n\t\t<\/div>\n\t\t\t\t\t\t\t<\/div>\n\t\t<\/section>\n\t\t\t\t<section class=\"elementor-section elementor-top-section elementor-element elementor-element-ea77bea elementor-section-boxed elementor-section-height-default elementor-section-height-default\" data-id=\"ea77bea\" data-element_type=\"section\">\n\t\t\t\t\t\t<div class=\"elementor-container elementor-column-gap-default\">\n\t\t\t\t\t<div class=\"elementor-column elementor-col-100 elementor-top-column elementor-element elementor-element-cc96144\" data-id=\"cc96144\" data-element_type=\"column\">\n\t\t\t<div class=\"elementor-widget-wrap elementor-element-populated\">\n\t\t\t\t\t\t\t\t<div class=\"elementor-element elementor-element-b3fffd8 elementor-widget elementor-widget-image\" data-id=\"b3fffd8\" data-element_type=\"widget\" data-widget_type=\"image.default\">\n\t\t\t\t<div class=\"elementor-widget-container\">\n\t\t\t<style>\/*! elementor - v3.8.1 - 13-11-2022 *\/\n.elementor-widget-image{text-align:center}.elementor-widget-image a{display:inline-block}.elementor-widget-image a img[src$=\".svg\"]{width:48px}.elementor-widget-image img{vertical-align:middle;display:inline-block}<\/style>\t\t\t\t\t\t\t\t\t\t\t\t<img decoding=\"async\" src=\"https:\/\/ceehgc.eu\/wp-content\/uploads\/elementor\/thumbs\/Logo_Strategie_V2-plr5hoqkuycx47jh5vhmkhzti97icbbewuflhhvu1o.png\" title=\"Logo_Strategie_V2\" alt=\"Logo_Strategie_V2\" \/>\t\t\t\t\t\t\t\t\t\t\t\t\t\t\t<\/div>\n\t\t\t\t<\/div>\n\t\t\t\t\t<\/div>\n\t\t<\/div>\n\t\t\t\t\t\t\t<\/div>\n\t\t<\/section>\n\t\t\t\t<section class=\"elementor-section elementor-top-section elementor-element elementor-element-69b9f12 elementor-section-boxed elementor-section-height-default elementor-section-height-default\" data-id=\"69b9f12\" data-element_type=\"section\">\n\t\t\t\t\t\t<div class=\"elementor-container elementor-column-gap-default\">\n\t\t\t\t\t<div class=\"elementor-column elementor-col-100 elementor-top-column elementor-element elementor-element-9889fe4\" data-id=\"9889fe4\" data-element_type=\"column\">\n\t\t\t<div class=\"elementor-widget-wrap elementor-element-populated\">\n\t\t\t\t\t\t\t\t<div class=\"elementor-element elementor-element-081c96c elementor-widget elementor-widget-image\" data-id=\"081c96c\" data-element_type=\"widget\" data-widget_type=\"image.default\">\n\t\t\t\t<div class=\"elementor-widget-container\">\n\t\t\t\t\t\t\t\t\t\t\t\t\t\t\t<img decoding=\"async\" src=\"https:\/\/ceehgc.eu\/wp-content\/uploads\/elementor\/thumbs\/F_zakladni_text_vedle_velky-plt00mosn2d51b2veqjpi8edrl56fokii1avqegi0g.jpg\" title=\"F_zakladni_text_vedle_velky\" alt=\"F_zakladni_text_vedle_velky\" \/>\t\t\t\t\t\t\t\t\t\t\t\t\t\t\t<\/div>\n\t\t\t\t<\/div>\n\t\t\t\t\t<\/div>\n\t\t<\/div>\n\t\t\t\t\t\t\t<\/div>\n\t\t<\/section>\n\t\t\t\t<section class=\"elementor-section elementor-top-section elementor-element elementor-element-430748d elementor-section-boxed elementor-section-height-default elementor-section-height-default\" data-id=\"430748d\" data-element_type=\"section\">\n\t\t\t\t\t\t<div class=\"elementor-container elementor-column-gap-default\">\n\t\t\t\t\t<div class=\"elementor-column elementor-col-100 elementor-top-column elementor-element elementor-element-6bfe0c7\" data-id=\"6bfe0c7\" data-element_type=\"column\">\n\t\t\t<div class=\"elementor-widget-wrap elementor-element-populated\">\n\t\t\t\t\t\t\t\t<div class=\"elementor-element elementor-element-c25a5b5 elementor-widget elementor-widget-image\" data-id=\"c25a5b5\" data-element_type=\"widget\" data-widget_type=\"image.default\">\n\t\t\t\t<div class=\"elementor-widget-container\">\n\t\t\t\t\t\t\t\t\t\t\t\t\t\t\t<img decoding=\"async\" src=\"https:\/\/ceehgc.eu\/wp-content\/uploads\/elementor\/thumbs\/fsv_loooogo-pmxnkn9tm0g4u30uiohd11yw2l9elf740yrzmxc7je.png\" title=\"fsv_loooogo\" alt=\"fsv_loooogo\" \/>\t\t\t\t\t\t\t\t\t\t\t\t\t\t\t<\/div>\n\t\t\t\t<\/div>\n\t\t\t\t\t<\/div>\n\t\t<\/div>\n\t\t\t\t\t\t\t<\/div>\n\t\t<\/section>\n\t\t\t\t<section class=\"elementor-section elementor-top-section elementor-element elementor-element-639cbf2 elementor-section-boxed elementor-section-height-default elementor-section-height-default\" data-id=\"639cbf2\" data-element_type=\"section\">\n\t\t\t\t\t\t<div class=\"elementor-container elementor-column-gap-default\">\n\t\t\t\t\t<div class=\"elementor-column elementor-col-100 elementor-top-column elementor-element elementor-element-8ea8426\" data-id=\"8ea8426\" data-element_type=\"column\">\n\t\t\t<div class=\"elementor-widget-wrap elementor-element-populated\">\n\t\t\t\t\t\t\t\t<div class=\"elementor-element elementor-element-9880353 elementor-widget elementor-widget-image\" data-id=\"9880353\" data-element_type=\"widget\" data-widget_type=\"image.default\">\n\t\t\t\t<div class=\"elementor-widget-container\">\n\t\t\t\t\t\t\t\t\t\t\t\t\t\t\t<img loading=\"lazy\" decoding=\"async\" width=\"1041\" height=\"92\" src=\"https:\/\/ceehgc.eu\/wp-content\/uploads\/2022\/04\/famu.png\" class=\"attachment-full size-full\" alt=\"\" srcset=\"https:\/\/ceehgc.eu\/wp-content\/uploads\/2022\/04\/famu.png 1041w, https:\/\/ceehgc.eu\/wp-content\/uploads\/2022\/04\/famu-300x27.png 300w, https:\/\/ceehgc.eu\/wp-content\/uploads\/2022\/04\/famu-768x68.png 768w\" sizes=\"auto, 100vw\" \/>\t\t\t\t\t\t\t\t\t\t\t\t\t\t\t<\/div>\n\t\t\t\t<\/div>\n\t\t\t\t\t<\/div>\n\t\t<\/div>\n\t\t\t\t\t\t\t<\/div>\n\t\t<\/section>\n\t\t\t\t<section class=\"elementor-section elementor-top-section elementor-element elementor-element-5684a15 elementor-section-boxed elementor-section-height-default elementor-section-height-default\" data-id=\"5684a15\" data-element_type=\"section\">\n\t\t\t\t\t\t<div class=\"elementor-container elementor-column-gap-default\">\n\t\t\t\t\t<div class=\"elementor-column elementor-col-100 elementor-top-column elementor-element elementor-element-53eacd2\" data-id=\"53eacd2\" data-element_type=\"column\">\n\t\t\t<div class=\"elementor-widget-wrap elementor-element-populated\">\n\t\t\t\t\t\t\t\t<div class=\"elementor-element elementor-element-904abfe elementor-widget elementor-widget-text-editor\" data-id=\"904abfe\" data-element_type=\"widget\" data-widget_type=\"text-editor.default\">\n\t\t\t\t<div class=\"elementor-widget-container\">\n\t\t\t\t\t\t\t<p>The workshop is co-organized by the <a href=\"https:\/\/medievalstudies.ceu.edu\/\">Medieval Studies Department<\/a> of the <a href=\"https:\/\/www.ceu.edu\/\">Central European University<\/a>, Vienna and<a href=\"https:\/\/cefres.cz\/en\/cefres\"> CEFRES \u2013 French Research Center in Humanities and Social Sciences<\/a>, Prague, Czech Republic.<\/p>\t\t\t\t\t\t<\/div>\n\t\t\t\t<\/div>\n\t\t\t\t\t<\/div>\n\t\t<\/div>\n\t\t\t\t\t\t\t<\/div>\n\t\t<\/section>\n\t\t\t\t<section class=\"elementor-section elementor-top-section elementor-element elementor-element-8e6c295 elementor-section-boxed elementor-section-height-default elementor-section-height-default\" data-id=\"8e6c295\" data-element_type=\"section\">\n\t\t\t\t\t\t<div class=\"elementor-container elementor-column-gap-default\">\n\t\t\t\t\t<div class=\"elementor-column elementor-col-100 elementor-top-column elementor-element elementor-element-e508260\" data-id=\"e508260\" data-element_type=\"column\">\n\t\t\t<div class=\"elementor-widget-wrap elementor-element-populated\">\n\t\t\t\t\t\t\t\t<div class=\"elementor-element elementor-element-9898ac5 elementor-widget elementor-widget-image\" data-id=\"9898ac5\" data-element_type=\"widget\" data-widget_type=\"image.default\">\n\t\t\t\t<div class=\"elementor-widget-container\">\n\t\t\t\t\t\t\t\t\t\t\t\t\t\t\t<img loading=\"lazy\" decoding=\"async\" width=\"300\" height=\"149\" src=\"https:\/\/ceehgc.eu\/wp-content\/uploads\/2022\/03\/ceulogo_0_1-300x149.jpg\" class=\"attachment-medium size-medium\" alt=\"\" srcset=\"https:\/\/ceehgc.eu\/wp-content\/uploads\/2022\/03\/ceulogo_0_1-300x149.jpg 300w, https:\/\/ceehgc.eu\/wp-content\/uploads\/2022\/03\/ceulogo_0_1.jpg 480w\" sizes=\"auto, 100vw\" \/>\t\t\t\t\t\t\t\t\t\t\t\t\t\t\t<\/div>\n\t\t\t\t<\/div>\n\t\t\t\t\t<\/div>\n\t\t<\/div>\n\t\t\t\t\t\t\t<\/div>\n\t\t<\/section>\n\t\t\t\t<section class=\"elementor-section elementor-top-section elementor-element elementor-element-60bab44 elementor-section-boxed elementor-section-height-default elementor-section-height-default\" data-id=\"60bab44\" data-element_type=\"section\">\n\t\t\t\t\t\t<div class=\"elementor-container elementor-column-gap-default\">\n\t\t\t\t\t<div class=\"elementor-column elementor-col-100 elementor-top-column elementor-element elementor-element-0cb403d\" data-id=\"0cb403d\" data-element_type=\"column\">\n\t\t\t<div class=\"elementor-widget-wrap elementor-element-populated\">\n\t\t\t\t\t\t\t\t<div class=\"elementor-element elementor-element-e7a3866 elementor-widget elementor-widget-image\" data-id=\"e7a3866\" data-element_type=\"widget\" data-widget_type=\"image.default\">\n\t\t\t\t<div class=\"elementor-widget-container\">\n\t\t\t\t\t\t\t\t\t\t\t\t\t\t\t<img decoding=\"async\" src=\"https:\/\/ceehgc.eu\/wp-content\/uploads\/elementor\/thumbs\/color-complet-MEAE-pm0c9vgu3ha150k8qw0p1lks5jkq6zhl47z3bh2s34.jpg\" title=\"color complet MEAE\" alt=\"color complet MEAE\" \/>\t\t\t\t\t\t\t\t\t\t\t\t\t\t\t<\/div>\n\t\t\t\t<\/div>\n\t\t\t\t\t<\/div>\n\t\t<\/div>\n\t\t\t\t\t\t\t<\/div>\n\t\t<\/section>\n\t\t\t\t<section class=\"elementor-section elementor-top-section elementor-element elementor-element-0cadb9d elementor-section-boxed elementor-section-height-default elementor-section-height-default\" data-id=\"0cadb9d\" data-element_type=\"section\">\n\t\t\t\t\t\t<div class=\"elementor-container elementor-column-gap-default\">\n\t\t\t\t\t<div class=\"elementor-column elementor-col-100 elementor-top-column elementor-element elementor-element-8d9475b\" data-id=\"8d9475b\" data-element_type=\"column\">\n\t\t\t<div class=\"elementor-widget-wrap elementor-element-populated\">\n\t\t\t\t\t\t\t\t<div class=\"elementor-element elementor-element-267b77c elementor-widget elementor-widget-text-editor\" data-id=\"267b77c\" data-element_type=\"widget\" data-widget_type=\"text-editor.default\">\n\t\t\t\t<div class=\"elementor-widget-container\">\n\t\t\t\t\t\t\t<p>Organized in cooperation with <a href=\"https:\/\/gespielt.hypotheses.org\/\">Working Group Historical Science and Digital Games<\/a>.<\/p>\t\t\t\t\t\t<\/div>\n\t\t\t\t<\/div>\n\t\t\t\t\t<\/div>\n\t\t<\/div>\n\t\t\t\t\t\t\t<\/div>\n\t\t<\/section>\n\t\t\t\t<section class=\"elementor-section elementor-top-section elementor-element elementor-element-151711f elementor-section-boxed elementor-section-height-default elementor-section-height-default\" data-id=\"151711f\" data-element_type=\"section\">\n\t\t\t\t\t\t<div class=\"elementor-container elementor-column-gap-default\">\n\t\t\t\t\t<div class=\"elementor-column elementor-col-100 elementor-top-column elementor-element elementor-element-f2ffcb1\" data-id=\"f2ffcb1\" data-element_type=\"column\">\n\t\t\t<div class=\"elementor-widget-wrap elementor-element-populated\">\n\t\t\t\t\t\t\t\t<div class=\"elementor-element elementor-element-161ec0a elementor-widget elementor-widget-image\" data-id=\"161ec0a\" data-element_type=\"widget\" data-widget_type=\"image.default\">\n\t\t\t\t<div class=\"elementor-widget-container\">\n\t\t\t\t\t\t\t\t\t\t\t\t\t\t\t<img decoding=\"async\" src=\"https:\/\/ceehgc.eu\/wp-content\/uploads\/elementor\/thumbs\/Logo-AKGWDS-3C-plr8gmtk5r1lozc8s2rpa2njle5cgrmbjtaoyoueym.jpg\" title=\"Logo-AKGWDS-3C\" alt=\"Logo-AKGWDS-3C\" \/>\t\t\t\t\t\t\t\t\t\t\t\t\t\t\t<\/div>\n\t\t\t\t<\/div>\n\t\t\t\t\t<\/div>\n\t\t<\/div>\n\t\t\t\t\t\t\t<\/div>\n\t\t<\/section>\n\t\t\t\t\t\t\t<\/div>\n\t\t","protected":false},"excerpt":{"rendered":"<p>The workshop aims at bringing together scholars from Central and Eastern Europe interested in history in games, history of games, history studied through games, and the relation between games and historical education. The goal of the workshop is to introduce the variety of existing research around historical games in Central and Eastern Europe. We would &hellip; <\/p>\n<p class=\"link-more\"><a href=\"https:\/\/ceehgc.eu\/\" class=\"more-link\">Continue reading<span class=\"screen-reader-text\"> &#8220;Mission&#8221;<\/span><\/a><\/p>\n","protected":false},"author":2,"featured_media":0,"parent":0,"menu_order":0,"comment_status":"closed","ping_status":"closed","template":"","meta":{"footnotes":""},"class_list":["post-71","page","type-page","status-publish","hentry"],"_links":{"self":[{"href":"https:\/\/ceehgc.eu\/index.php?rest_route=\/wp\/v2\/pages\/71","targetHints":{"allow":["GET"]}}],"collection":[{"href":"https:\/\/ceehgc.eu\/index.php?rest_route=\/wp\/v2\/pages"}],"about":[{"href":"https:\/\/ceehgc.eu\/index.php?rest_route=\/wp\/v2\/types\/page"}],"author":[{"embeddable":true,"href":"https:\/\/ceehgc.eu\/index.php?rest_route=\/wp\/v2\/users\/2"}],"replies":[{"embeddable":true,"href":"https:\/\/ceehgc.eu\/index.php?rest_route=%2Fwp%2Fv2%2Fcomments&post=71"}],"version-history":[{"count":179,"href":"https:\/\/ceehgc.eu\/index.php?rest_route=\/wp\/v2\/pages\/71\/revisions"}],"predecessor-version":[{"id":570,"href":"https:\/\/ceehgc.eu\/index.php?rest_route=\/wp\/v2\/pages\/71\/revisions\/570"}],"wp:attachment":[{"href":"https:\/\/ceehgc.eu\/index.php?rest_route=%2Fwp%2Fv2%2Fmedia&parent=71"}],"curies":[{"name":"wp","href":"https:\/\/api.w.org\/{rel}","templated":true}]}}